{"id":1335,"date":"2021-12-05T13:29:49","date_gmt":"2021-12-05T12:29:49","guid":{"rendered":"https:\/\/mrkfotomaton.com\/pribatutasun-politika\/"},"modified":"2021-12-08T16:38:29","modified_gmt":"2021-12-08T15:38:29","slug":"politica-privacidad","status":"publish","type":"page","link":"https:\/\/mrkfotomaton.com\/es\/politica-privacidad\/","title":{"rendered":"Pol\u00edtica de privacidad"},"content":{"rendered":"\n<h2 class=\"wp-block-heading\">1. Responsable del tratamiento<\/h2>\n\n\n\n<p>Ainhoa Leal Garijo (en adelante, MRK Fotomat\u00f3n). Av. Carlos I 7, 20011 Donostia (Gipuzkoa).<br>info@mrkfotomaton.com<\/p>\n\n\n\n<h2 class=\"wp-block-heading\">2. \u00bfQu\u00e9 datos tratamos y durante cu\u00e1nto tiempo?<\/h2>\n\n\n\n<p><meta http-equiv=\"content-type\" content=\"text\/html; charset=utf-8\">MRK Fotomat\u00f3n tratar\u00e1:<\/p>\n\n\n\n<ul class=\"wp-block-list\"><li>los datos de car\u00e1cter personal facilitados con ocasi\u00f3n del registro, en general; identificativos, caracter\u00edsticas personales, y de contacto electr\u00f3nico y telef\u00f3nico, en particular;<\/li><li>los resultantes de procesos inform\u00e1ticos (h\u00e1bitos de navegaci\u00f3n o uso del MEDIO Y\/O ENTORNO DIGITAL), Direcci\u00f3n IP e informaci\u00f3n recopilada a trav\u00e9s de cookies, etiquetas de p\u00edxel y otras tecnolog\u00edas;<\/li><li>aquellos que MRK Fotomat\u00f3n pueda inferir a partir de datos l\u00edcitamente obtenidos.<\/li><li>MRK Fotomat\u00f3n tratar\u00e1 y almacenar\u00e1 los datos mientras el usuario est\u00e9 activo en el MEDIO Y\/O ENTORNO DIGITAL y sea cliente, as\u00ed como durante el plazo de prescripci\u00f3n de obligaciones legales, que pudieran nacer de posibles responsabilidades vinculadas al tratamiento de los datos de cliente.<\/li><\/ul>\n\n\n\n<h2 class=\"wp-block-heading\">3. \u00bfEn qu\u00e9 consiente el Usuario cuando facilita sus datos?<\/h2>\n\n\n\n<p><meta http-equiv=\"content-type\" content=\"text\/html; charset=utf-8\">MRK Fotomat\u00f3n, propietaria del medio y\/o entorno digital, almacenar\u00e1 en un fichero los datos de car\u00e1cter personal necesarios, enumerados en el apartado precedente, con la finalidad de:<\/p>\n\n\n\n<ul class=\"wp-block-list\"><li>Prestar el servicio demandado por el usuario y que ofrece el MEDIO Y\/O ENTORNO DIGITAL, su mantenimiento y mejora.<\/li><\/ul>\n\n\n\n<h2 class=\"wp-block-heading\">4. \u00bfPuede el usuario oponerse a recibir comunicaciones comerciales o al tratamiento con fines promocionales?<\/h2>\n\n\n\n<p>El Usuario puede oponerse en cualquier momento a recibir comunicaciones y al tratamiento de sus datos para fines comerciales y promocionales, contact\u00e1ndonos a trav\u00e9s de info@mrkfotomaton.com; contactando con el Servicio de Atenci\u00f3n al Cliente (644 05 77 00) o por escrito a <meta http-equiv=\"content-type\" content=\"text\/html; charset=utf-8\">MRK Fotomat\u00f3n, Av. Carlos I 7, 20011 Donostia (Gipuzkoa).<\/p>\n\n\n\n<h2 class=\"wp-block-heading\">5. \u00bfLos datos son comunicados a terceros?<\/h2>\n\n\n\n<p>Administraci\u00f3n P\u00fablica, Juzgados y Tribunales<\/p>\n\n\n\n<p>Si las autoridades gubernamentales, tales como los cuerpos de seguridad del estado, Jueces y\/o Tribunales, solicitan o requieren informaci\u00f3n o si es necesario presentarla para cumplir alguna Ley, <meta http-equiv=\"content-type\" content=\"text\/html; charset=utf-8\">MRK Fotomat\u00f3n comunicara a dichos terceros los datos que \u00e9stos formalmente soliciten.<\/p>\n\n\n\n<h2 class=\"wp-block-heading\">6. \u00bfC\u00f3mo puede el cliente ejercer sus derechos de revocaci\u00f3n, acceso, supresi\u00f3n, oposici\u00f3n, rectificaci\u00f3n, limitaci\u00f3n, portabilidad?<\/h2>\n\n\n\n<p>Todo cliente podr\u00e1 ejercitar los derechos de acceso, rectificaci\u00f3n, supresi\u00f3n, revocar su consentimiento, oponerse a su tratamiento, limitar el mismo y\/o solicitar la portabilidad de sus datos, a trav\u00e9s de info@mrkfotomaton.com; contactando con el Servicio de Atenci\u00f3n al Cliente (644 05 77 00) o por escrito a <meta http-equiv=\"content-type\" content=\"text\/html; charset=utf-8\">MRK Fotomat\u00f3n, Av. Carlos I 7, 20011 Donostia (Gipuzkoa).<\/p>\n\n\n\n<h2 class=\"wp-block-heading\">7. Medidas de Seguridad y Confidencialidad de la informaci\u00f3n.<\/h2>\n\n\n\n<p><meta http-equiv=\"content-type\" content=\"text\/html; charset=utf-8\">MRK Fotomat\u00f3n ha adoptado las medidas oportunas de seguridad en sus instalaciones, sistemas y ficheros. Ha establecido todos los medios t\u00e9cnicos a su alcance para evitar la p\u00e9rdida, mal uso, alteraci\u00f3n, acceso no autorizado y robo de los datos que el cliente facilite, velando as\u00ed por su integridad, disponibilidad y confidencialidad.<\/p>\n\n\n\n<h2 class=\"wp-block-heading\">8. Pol\u00edtica de Cookies<\/h2>\n\n\n\n<p><meta http-equiv=\"content-type\" content=\"text\/html; charset=utf-8\">MRK Fotomat\u00f3n utiliza cookies. Toda la informaci\u00f3n al respecto en la&nbsp;Pol\u00edtica de Cookies.<\/p>\n\n\n\n<h2 class=\"wp-block-heading\">9. Cambios en la Pol\u00edtica de Privacidad<\/h2>\n\n\n\n<p><meta http-equiv=\"content-type\" content=\"text\/html; charset=utf-8\">MRK Fotomat\u00f3n cumple escrupulosamente con las leyes aplicables a la protecci\u00f3n de datos y la privacidad de los usuarios. Para ello, se reserva el derecho a modificar unilateralmente, en cualquier momento y sin aviso previo, las condiciones de la presente Pol\u00edtica de protecci\u00f3n de datos para adecuarla a cualquier cambio normativo o a cualquier modificaci\u00f3n en la presentaci\u00f3n y configuraci\u00f3n del Portal.<\/p>\n","protected":false},"excerpt":{"rendered":"<p>1. Responsable del tratamiento Ainhoa Leal Garijo (en adelante, MRK Fotomat\u00f3n). Av. Carlos I 7, 20011 Donostia (Gipuzkoa).info@mrkfotomaton.com 2. \u00bfQu\u00e9 datos tratamos y durante cu\u00e1nto tiempo? MRK Fotomat\u00f3n tratar\u00e1: los datos de car\u00e1cter personal facilitados con ocasi\u00f3n del registro, en general; identificativos, caracter\u00edsticas personales, y de contacto electr\u00f3nico y telef\u00f3nico, en particular; los resultantes de [&hellip;]<\/p>\n","protected":false},"author":1,"featured_media":0,"parent":0,"menu_order":0,"comment_status":"closed","ping_status":"open","template":"","meta":{"_acf_changed":false,"site-sidebar-layout":"default","site-content-layout":"","ast-site-content-layout":"default","site-content-style":"default","site-sidebar-style":"default","ast-global-header-display":"","ast-banner-title-visibility":"","ast-main-header-display":"","ast-hfb-above-header-display":"","ast-hfb-below-header-display":"","ast-hfb-mobile-header-display":"","site-post-title":"","ast-breadcrumbs-content":"","ast-featured-img":"","footer-sml-layout":"","theme-transparent-header-meta":"","adv-header-id-meta":"","stick-header-meta":"","header-above-stick-meta":"","header-main-stick-meta":"","header-below-stick-meta":"","astra-migrate-meta-layouts":"default","ast-page-background-enabled":"default","ast-page-background-meta":{"desktop":{"background-color":"","background-image":"","background-repeat":"repeat","background-position":"center center","background-size":"auto","background-attachment":"scroll","background-type":"","background-media":"","overlay-type":"","overlay-color":"","overlay-opacity":"","overlay-gradient":""},"tablet":{"background-color":"","background-image":"","background-repeat":"repeat","background-position":"center center","background-size":"auto","background-attachment":"scroll","background-type":"","background-media":"","overlay-type":"","overlay-color":"","overlay-opacity":"","overlay-gradient":""},"mobile":{"background-color":"","background-image":"","background-repeat":"repeat","background-position":"center center","background-size":"auto","background-attachment":"scroll","background-type":"","background-media":"","overlay-type":"","overlay-color":"","overlay-opacity":"","overlay-gradient":""}},"ast-content-background-meta":{"desktop":{"background-color":"var(--ast-global-color-5)","background-image":"","background-repeat":"repeat","background-position":"center center","background-size":"auto","background-attachment":"scroll","background-type":"","background-media":"","overlay-type":"","overlay-color":"","overlay-opacity":"","overlay-gradient":""},"tablet":{"background-color":"var(--ast-global-color-5)","background-image":"","background-repeat":"repeat","background-position":"center center","background-size":"auto","background-attachment":"scroll","background-type":"","background-media":"","overlay-type":"","overlay-color":"","overlay-opacity":"","overlay-gradient":""},"mobile":{"background-color":"var(--ast-global-color-5)","background-image":"","background-repeat":"repeat","background-position":"center center","background-size":"auto","background-attachment":"scroll","background-type":"","background-media":"","overlay-type":"","overlay-color":"","overlay-opacity":"","overlay-gradient":""}},"_joinchat":[],"footnotes":""},"class_list":["post-1335","page","type-page","status-publish","hentry"],"acf":[],"yoast_head":"<!-- This site is optimized with the Yoast SEO plugin v25.6 - https:\/\/yoast.com\/wordpress\/plugins\/seo\/ -->\n<title>Pol\u00edtica de privacidad - MRK Fotomat\u00f3n<\/title>\n<meta name=\"robots\" content=\"noindex, follow\" \/>\n<meta property=\"og:locale\" content=\"es_ES\" \/>\n<meta property=\"og:type\" content=\"article\" \/>\n<meta property=\"og:title\" content=\"Pol\u00edtica de privacidad - MRK Fotomat\u00f3n\" \/>\n<meta property=\"og:description\" content=\"1. Responsable del tratamiento Ainhoa Leal Garijo (en adelante, MRK Fotomat\u00f3n). Av. Carlos I 7, 20011 Donostia (Gipuzkoa).info@mrkfotomaton.com 2. \u00bfQu\u00e9 datos tratamos y durante cu\u00e1nto tiempo? MRK Fotomat\u00f3n tratar\u00e1: los datos de car\u00e1cter personal facilitados con ocasi\u00f3n del registro, en general; identificativos, caracter\u00edsticas personales, y de contacto electr\u00f3nico y telef\u00f3nico, en particular; los resultantes de [&hellip;]\" \/>\n<meta property=\"og:url\" content=\"https:\/\/mrkfotomaton.com\/es\/politica-privacidad\/\" \/>\n<meta property=\"og:site_name\" content=\"MRK Fotomat\u00f3n\" \/>\n<meta property=\"article:modified_time\" content=\"2021-12-08T15:38:29+00:00\" \/>\n<meta name=\"twitter:card\" content=\"summary_large_image\" \/>\n<meta name=\"twitter:label1\" content=\"Tiempo de lectura\" \/>\n\t<meta name=\"twitter:data1\" content=\"3 minutos\" \/>\n<script type=\"application\/ld+json\" class=\"yoast-schema-graph\">{\"@context\":\"https:\/\/schema.org\",\"@graph\":[{\"@type\":\"WebPage\",\"@id\":\"https:\/\/mrkfotomaton.com\/es\/politica-privacidad\/\",\"url\":\"https:\/\/mrkfotomaton.com\/es\/politica-privacidad\/\",\"name\":\"Pol\u00edtica de privacidad - MRK Fotomat\u00f3n\",\"isPartOf\":{\"@id\":\"https:\/\/mrkfotomaton.com\/es\/#website\"},\"datePublished\":\"2021-12-05T12:29:49+00:00\",\"dateModified\":\"2021-12-08T15:38:29+00:00\",\"breadcrumb\":{\"@id\":\"https:\/\/mrkfotomaton.com\/es\/politica-privacidad\/#breadcrumb\"},\"inLanguage\":\"es\",\"potentialAction\":[{\"@type\":\"ReadAction\",\"target\":[\"https:\/\/mrkfotomaton.com\/es\/politica-privacidad\/\"]}]},{\"@type\":\"BreadcrumbList\",\"@id\":\"https:\/\/mrkfotomaton.com\/es\/politica-privacidad\/#breadcrumb\",\"itemListElement\":[{\"@type\":\"ListItem\",\"position\":1,\"name\":\"Home\",\"item\":\"https:\/\/mrkfotomaton.com\/es\/\"},{\"@type\":\"ListItem\",\"position\":2,\"name\":\"Pol\u00edtica de privacidad\"}]},{\"@type\":\"WebSite\",\"@id\":\"https:\/\/mrkfotomaton.com\/es\/#website\",\"url\":\"https:\/\/mrkfotomaton.com\/es\/\",\"name\":\"MRK Fotomat\u00f3n\",\"description\":\"\",\"publisher\":{\"@id\":\"https:\/\/mrkfotomaton.com\/es\/#organization\"},\"potentialAction\":[{\"@type\":\"SearchAction\",\"target\":{\"@type\":\"EntryPoint\",\"urlTemplate\":\"https:\/\/mrkfotomaton.com\/es\/?s={search_term_string}\"},\"query-input\":{\"@type\":\"PropertyValueSpecification\",\"valueRequired\":true,\"valueName\":\"search_term_string\"}}],\"inLanguage\":\"es\"},{\"@type\":\"Organization\",\"@id\":\"https:\/\/mrkfotomaton.com\/es\/#organization\",\"name\":\"MRK Fotomat\u00f3n\",\"url\":\"https:\/\/mrkfotomaton.com\/es\/\",\"logo\":{\"@type\":\"ImageObject\",\"inLanguage\":\"es\",\"@id\":\"https:\/\/mrkfotomaton.com\/es\/#\/schema\/logo\/image\/\",\"url\":\"https:\/\/mrkfotomaton.com\/wp-content\/uploads\/2021\/12\/MRK-fotomaton-logo.png\",\"contentUrl\":\"https:\/\/mrkfotomaton.com\/wp-content\/uploads\/2021\/12\/MRK-fotomaton-logo.png\",\"width\":800,\"height\":520,\"caption\":\"MRK Fotomat\u00f3n\"},\"image\":{\"@id\":\"https:\/\/mrkfotomaton.com\/es\/#\/schema\/logo\/image\/\"}}]}<\/script>\n<!-- \/ Yoast SEO plugin. -->","yoast_head_json":{"title":"Pol\u00edtica de privacidad - MRK Fotomat\u00f3n","robots":{"index":"noindex","follow":"follow"},"og_locale":"es_ES","og_type":"article","og_title":"Pol\u00edtica de privacidad - MRK Fotomat\u00f3n","og_description":"1. Responsable del tratamiento Ainhoa Leal Garijo (en adelante, MRK Fotomat\u00f3n). Av. Carlos I 7, 20011 Donostia (Gipuzkoa).info@mrkfotomaton.com 2. \u00bfQu\u00e9 datos tratamos y durante cu\u00e1nto tiempo? MRK Fotomat\u00f3n tratar\u00e1: los datos de car\u00e1cter personal facilitados con ocasi\u00f3n del registro, en general; identificativos, caracter\u00edsticas personales, y de contacto electr\u00f3nico y telef\u00f3nico, en particular; los resultantes de [&hellip;]","og_url":"https:\/\/mrkfotomaton.com\/es\/politica-privacidad\/","og_site_name":"MRK Fotomat\u00f3n","article_modified_time":"2021-12-08T15:38:29+00:00","twitter_card":"summary_large_image","twitter_misc":{"Tiempo de lectura":"3 minutos"},"schema":{"@context":"https:\/\/schema.org","@graph":[{"@type":"WebPage","@id":"https:\/\/mrkfotomaton.com\/es\/politica-privacidad\/","url":"https:\/\/mrkfotomaton.com\/es\/politica-privacidad\/","name":"Pol\u00edtica de privacidad - MRK Fotomat\u00f3n","isPartOf":{"@id":"https:\/\/mrkfotomaton.com\/es\/#website"},"datePublished":"2021-12-05T12:29:49+00:00","dateModified":"2021-12-08T15:38:29+00:00","breadcrumb":{"@id":"https:\/\/mrkfotomaton.com\/es\/politica-privacidad\/#breadcrumb"},"inLanguage":"es","potentialAction":[{"@type":"ReadAction","target":["https:\/\/mrkfotomaton.com\/es\/politica-privacidad\/"]}]},{"@type":"BreadcrumbList","@id":"https:\/\/mrkfotomaton.com\/es\/politica-privacidad\/#breadcrumb","itemListElement":[{"@type":"ListItem","position":1,"name":"Home","item":"https:\/\/mrkfotomaton.com\/es\/"},{"@type":"ListItem","position":2,"name":"Pol\u00edtica de privacidad"}]},{"@type":"WebSite","@id":"https:\/\/mrkfotomaton.com\/es\/#website","url":"https:\/\/mrkfotomaton.com\/es\/","name":"MRK Fotomat\u00f3n","description":"","publisher":{"@id":"https:\/\/mrkfotomaton.com\/es\/#organization"},"potentialAction":[{"@type":"SearchAction","target":{"@type":"EntryPoint","urlTemplate":"https:\/\/mrkfotomaton.com\/es\/?s={search_term_string}"},"query-input":{"@type":"PropertyValueSpecification","valueRequired":true,"valueName":"search_term_string"}}],"inLanguage":"es"},{"@type":"Organization","@id":"https:\/\/mrkfotomaton.com\/es\/#organization","name":"MRK Fotomat\u00f3n","url":"https:\/\/mrkfotomaton.com\/es\/","logo":{"@type":"ImageObject","inLanguage":"es","@id":"https:\/\/mrkfotomaton.com\/es\/#\/schema\/logo\/image\/","url":"https:\/\/mrkfotomaton.com\/wp-content\/uploads\/2021\/12\/MRK-fotomaton-logo.png","contentUrl":"https:\/\/mrkfotomaton.com\/wp-content\/uploads\/2021\/12\/MRK-fotomaton-logo.png","width":800,"height":520,"caption":"MRK Fotomat\u00f3n"},"image":{"@id":"https:\/\/mrkfotomaton.com\/es\/#\/schema\/logo\/image\/"}}]}},"_links":{"self":[{"href":"https:\/\/mrkfotomaton.com\/es\/wp-json\/wp\/v2\/pages\/1335","targetHints":{"allow":["GET"]}}],"collection":[{"href":"https:\/\/mrkfotomaton.com\/es\/wp-json\/wp\/v2\/pages"}],"about":[{"href":"https:\/\/mrkfotomaton.com\/es\/wp-json\/wp\/v2\/types\/page"}],"author":[{"embeddable":true,"href":"https:\/\/mrkfotomaton.com\/es\/wp-json\/wp\/v2\/users\/1"}],"replies":[{"embeddable":true,"href":"https:\/\/mrkfotomaton.com\/es\/wp-json\/wp\/v2\/comments?post=1335"}],"version-history":[{"count":2,"href":"https:\/\/mrkfotomaton.com\/es\/wp-json\/wp\/v2\/pages\/1335\/revisions"}],"predecessor-version":[{"id":1521,"href":"https:\/\/mrkfotomaton.com\/es\/wp-json\/wp\/v2\/pages\/1335\/revisions\/1521"}],"wp:attachment":[{"href":"https:\/\/mrkfotomaton.com\/es\/wp-json\/wp\/v2\/media?parent=1335"}],"curies":[{"name":"wp","href":"https:\/\/api.w.org\/{rel}","templated":true}]}}